{"id":4967,"date":"2018-05-26T11:52:25","date_gmt":"2018-05-26T09:52:25","guid":{"rendered":"https:\/\/valentina-design.de\/en\/datenschutzerklaerung\/"},"modified":"2018-05-26T11:55:10","modified_gmt":"2018-05-26T09:55:10","slug":"datenschutzerklaerung","status":"publish","type":"page","link":"https:\/\/valentina-design.de\/en\/datenschutzerklaerung\/","title":{"rendered":"Privacy Policy"},"content":{"rendered":"<div class=\"container section-title-container\" ><h3 class=\"section-title section-title-center\"><b><\/b><span class=\"section-title-main\" >Privacy Policy<\/span><b><\/b><\/h3><\/div>\n<h1>Bestellabwicklung im Onlineshop und Kundenkonto<\/h1>\n<p>Wir verarbeiten die Daten unserer Kunden im Rahmen der Bestellvorg\u00e4nge in unserem Onlineshop, um ihnen die Auswahl und die Bestellung der gew\u00e4hlten Produkte und Leistungen, sowie deren Bezahlung und Zustellung, bzw. Ausf\u00fchrung zu erm\u00f6glichen.<\/p>\n<p>Zu den verarbeiteten Daten geh\u00f6ren Bestandsdaten, Kommunikationsdaten, Vertragsdaten, Zahlungsdaten und zu den von der Verarbeitung betroffenen Personen geh\u00f6ren unsere Kunden, Interessenten und sonstige Gesch\u00e4ftspartner. Die Verarbeitung erfolgt zum Zweck der Erbringung von Vertragsleistungen im Rahmen des Betriebs eines Onlineshops, Abrechnung, Auslieferung und der Kundenservices. Hierbei setzen wir Session Cookies f\u00fcr die Speicherung des Warenkorb-Inhalts und permanente Cookies f\u00fcr die Speicherung des Login-Status ein.<\/p>\n<p>Die Verarbeitung erfolgt auf Grundlage des Art. 6 Abs. 1 lit. b (Durchf\u00fchrung Bestellvorg\u00e4nge) und c (Gesetzlich erforderliche Archivierung) DSGVO. Dabei sind die als erforderlich gekennzeichneten Angaben zur Begr\u00fcndung und Erf\u00fcllung des Vertrages erforderlich. Die Daten offenbaren wir gegen\u00fcber Dritten nur im Rahmen der Auslieferung, Zahlung oder im Rahmen der gesetzlichen Erlaubnisse und Pflichten gegen\u00fcber Rechtsberatern und Beh\u00f6rden. Die Daten werden in Drittl\u00e4ndern nur dann verarbeitet, wenn dies zur Vertragserf\u00fcllung erforderlich ist (z.B. auf Kundenwunsch bei Auslieferung oder Zahlung).<\/p>\n<p>Nutzer k\u00f6nnen optional ein Nutzerkonto anlegen, indem sie insbesondere ihre Bestellungen einsehen k\u00f6nnen. Im Rahmen der Registrierung, werden die erforderlichen Pflichtangaben den Nutzern mitgeteilt. Die Nutzerkonten sind nicht \u00f6ffentlich und k\u00f6nnen von Suchmaschinen nicht indexiert werden. Wenn Nutzer ihr Nutzerkonto gek\u00fcndigt haben, werden deren Daten im Hinblick auf das Nutzerkonto gel\u00f6scht, vorbehaltlich deren Aufbewahrung ist aus handels- oder steuerrechtlichen Gr\u00fcnden entspr. Art. 6 Abs. 1 lit. c DSGVO notwendig. Angaben im Kundenkonto verbleiben bis zu dessen L\u00f6schung mit anschlie\u00dfender Archivierung im Fall einer rechtlichen Verpflichtung. Es obliegt den Nutzern, ihre Daten bei erfolgter K\u00fcndigung vor dem Vertragsende zu sichern.<\/p>\n<p>Im Rahmen der Registrierung und erneuter Anmeldungen sowie Inanspruchnahme unserer Onlinedienste, speichern wir die IP-Adresse und den Zeitpunkt der jeweiligen Nutzerhandlung. Die Speicherung erfolgt auf Grundlage unserer berechtigten Interessen, als auch der Nutzer an Schutz vor Missbrauch und sonstiger unbefugter Nutzung. Eine Weitergabe dieser Daten an Dritte erfolgt grunds\u00e4tzlich nicht, au\u00dfer sie ist zur Verfolgung unserer Anspr\u00fcche erforderlich oder es besteht hierzu eine gesetzliche Verpflichtung gem. Art. 6 Abs. 1 lit. c DSGVO.<\/p>\n<p>Die L\u00f6schung erfolgt nach Ablauf gesetzlicher Gew\u00e4hrleistungs- und vergleichbarer Pflichten, die Erforderlichkeit der Aufbewahrung der Daten wird alle drei Jahre \u00fcberpr\u00fcft; im Fall der gesetzlichen Archivierungspflichten erfolgt die L\u00f6schung nach deren Ablauf (Ende handelsrechtlicher (6 Jahre) und steuerrechtlicher (10 Jahre) Aufbewahrungspflicht).<\/p>\n","protected":false},"excerpt":{"rendered":"<p>Bestellabwicklung im Onlineshop und Kundenkonto Wir verarbeiten die Daten unserer Kunden im Rahmen der Bestellvorg\u00e4nge in unserem Onlineshop, um ihnen die Auswahl und die Bestellung der gew\u00e4hlten Produkte und Leistungen, sowie deren Bezahlung und Zustellung, bzw. Ausf\u00fchrung zu erm\u00f6glichen. Zu den verarbeiteten Daten geh\u00f6ren Bestandsdaten, Kommunikationsdaten, Vertragsdaten, Zahlungsdaten und zu den von der Verarbeitung betroffenen [&#8230;]\n","protected":false},"author":2,"featured_media":0,"parent":0,"menu_order":0,"comment_status":"closed","ping_status":"closed","template":"","meta":{"_monsterinsights_skip_tracking":false,"_monsterinsights_sitenote_active":false,"_monsterinsights_sitenote_note":"","_monsterinsights_sitenote_category":0,"footnotes":""},"class_list":["post-4967","page","type-page","status-publish","hentry"],"yoast_head":"<!-- This site is optimized with the Yoast SEO plugin v26.9 - https:\/\/yoast.com\/product\/yoast-seo-wordpress\/ -->\n<title>Privacy Policy - Valentina Design<\/title>\n<meta name=\"description\" content=\"Valentina Design Munich - exclusive designer fashion for women: dresses, jackets, skirts, tops, coats, trousers, bags\" \/>\n<meta name=\"robots\" content=\"index, follow, max-snippet:-1, max-image-preview:large, max-video-preview:-1\" \/>\n<link rel=\"canonical\" href=\"https:\/\/valentina-design.de\/en\/datenschutzerklaerung\/\" \/>\n<meta property=\"og:locale\" content=\"en_US\" \/>\n<meta property=\"og:type\" content=\"article\" \/>\n<meta property=\"og:title\" content=\"Privacy Policy - Valentina Design\" \/>\n<meta property=\"og:description\" content=\"Valentina Design Munich - exclusive designer fashion for women: dresses, jackets, skirts, tops, coats, trousers, bags\" \/>\n<meta property=\"og:url\" content=\"https:\/\/valentina-design.de\/en\/datenschutzerklaerung\/\" \/>\n<meta property=\"og:site_name\" content=\"Valentina Design\" \/>\n<meta property=\"article:publisher\" content=\"https:\/\/www.facebook.com\/valentina.kopp.5?fref=ts\" \/>\n<meta property=\"article:modified_time\" content=\"2018-05-26T09:55:10+00:00\" \/>\n<meta name=\"twitter:card\" content=\"summary_large_image\" \/>\n<meta name=\"twitter:label1\" content=\"Est. reading time\" \/>\n\t<meta name=\"twitter:data1\" content=\"2 minutes\" \/>\n<script type=\"application\/ld+json\" class=\"yoast-schema-graph\">{\"@context\":\"https:\/\/schema.org\",\"@graph\":[{\"@type\":\"WebPage\",\"@id\":\"https:\/\/valentina-design.de\/en\/datenschutzerklaerung\/\",\"url\":\"https:\/\/valentina-design.de\/en\/datenschutzerklaerung\/\",\"name\":\"Privacy Policy - Valentina Design\",\"isPartOf\":{\"@id\":\"https:\/\/valentina-design.de\/#website\"},\"datePublished\":\"2018-05-26T09:52:25+00:00\",\"dateModified\":\"2018-05-26T09:55:10+00:00\",\"description\":\"Valentina Design Munich - exclusive designer fashion for women: dresses, jackets, skirts, tops, coats, trousers, bags\",\"breadcrumb\":{\"@id\":\"https:\/\/valentina-design.de\/en\/datenschutzerklaerung\/#breadcrumb\"},\"inLanguage\":\"en-US\",\"potentialAction\":[{\"@type\":\"ReadAction\",\"target\":[\"https:\/\/valentina-design.de\/en\/datenschutzerklaerung\/\"]}]},{\"@type\":\"BreadcrumbList\",\"@id\":\"https:\/\/valentina-design.de\/en\/datenschutzerklaerung\/#breadcrumb\",\"itemListElement\":[{\"@type\":\"ListItem\",\"position\":1,\"name\":\"Startseite\",\"item\":\"https:\/\/valentina-design.de\/en\/\"},{\"@type\":\"ListItem\",\"position\":2,\"name\":\"Privacy Policy\"}]},{\"@type\":\"WebSite\",\"@id\":\"https:\/\/valentina-design.de\/#website\",\"url\":\"https:\/\/valentina-design.de\/\",\"name\":\"Valentina Design\",\"description\":\"Munich\",\"publisher\":{\"@id\":\"https:\/\/valentina-design.de\/#organization\"},\"potentialAction\":[{\"@type\":\"SearchAction\",\"target\":{\"@type\":\"EntryPoint\",\"urlTemplate\":\"https:\/\/valentina-design.de\/?s={search_term_string}\"},\"query-input\":{\"@type\":\"PropertyValueSpecification\",\"valueRequired\":true,\"valueName\":\"search_term_string\"}}],\"inLanguage\":\"en-US\"},{\"@type\":\"Organization\",\"@id\":\"https:\/\/valentina-design.de\/#organization\",\"name\":\"Valentina Design M\u00fcnchen\",\"url\":\"https:\/\/valentina-design.de\/\",\"logo\":{\"@type\":\"ImageObject\",\"inLanguage\":\"en-US\",\"@id\":\"https:\/\/valentina-design.de\/#\/schema\/logo\/image\/\",\"url\":\"https:\/\/valentina-design.de\/wp-content\/uploads\/2016\/04\/Drawing-7.png\",\"contentUrl\":\"https:\/\/valentina-design.de\/wp-content\/uploads\/2016\/04\/Drawing-7.png\",\"width\":1051,\"height\":432,\"caption\":\"Valentina Design M\u00fcnchen\"},\"image\":{\"@id\":\"https:\/\/valentina-design.de\/#\/schema\/logo\/image\/\"},\"sameAs\":[\"https:\/\/www.facebook.com\/valentina.kopp.5?fref=ts\"]}]}<\/script>\n<!-- \/ Yoast SEO plugin. -->","yoast_head_json":{"title":"Privacy Policy - Valentina Design","description":"Valentina Design Munich - exclusive designer fashion for women: dresses, jackets, skirts, tops, coats, trousers, bags","robots":{"index":"index","follow":"follow","max-snippet":"max-snippet:-1","max-image-preview":"max-image-preview:large","max-video-preview":"max-video-preview:-1"},"canonical":"https:\/\/valentina-design.de\/en\/datenschutzerklaerung\/","og_locale":"en_US","og_type":"article","og_title":"Privacy Policy - Valentina Design","og_description":"Valentina Design Munich - exclusive designer fashion for women: dresses, jackets, skirts, tops, coats, trousers, bags","og_url":"https:\/\/valentina-design.de\/en\/datenschutzerklaerung\/","og_site_name":"Valentina Design","article_publisher":"https:\/\/www.facebook.com\/valentina.kopp.5?fref=ts","article_modified_time":"2018-05-26T09:55:10+00:00","twitter_card":"summary_large_image","twitter_misc":{"Est. reading time":"2 minutes"},"schema":{"@context":"https:\/\/schema.org","@graph":[{"@type":"WebPage","@id":"https:\/\/valentina-design.de\/en\/datenschutzerklaerung\/","url":"https:\/\/valentina-design.de\/en\/datenschutzerklaerung\/","name":"Privacy Policy - Valentina Design","isPartOf":{"@id":"https:\/\/valentina-design.de\/#website"},"datePublished":"2018-05-26T09:52:25+00:00","dateModified":"2018-05-26T09:55:10+00:00","description":"Valentina Design Munich - exclusive designer fashion for women: dresses, jackets, skirts, tops, coats, trousers, bags","breadcrumb":{"@id":"https:\/\/valentina-design.de\/en\/datenschutzerklaerung\/#breadcrumb"},"inLanguage":"en-US","potentialAction":[{"@type":"ReadAction","target":["https:\/\/valentina-design.de\/en\/datenschutzerklaerung\/"]}]},{"@type":"BreadcrumbList","@id":"https:\/\/valentina-design.de\/en\/datenschutzerklaerung\/#breadcrumb","itemListElement":[{"@type":"ListItem","position":1,"name":"Startseite","item":"https:\/\/valentina-design.de\/en\/"},{"@type":"ListItem","position":2,"name":"Privacy Policy"}]},{"@type":"WebSite","@id":"https:\/\/valentina-design.de\/#website","url":"https:\/\/valentina-design.de\/","name":"Valentina Design","description":"Munich","publisher":{"@id":"https:\/\/valentina-design.de\/#organization"},"potentialAction":[{"@type":"SearchAction","target":{"@type":"EntryPoint","urlTemplate":"https:\/\/valentina-design.de\/?s={search_term_string}"},"query-input":{"@type":"PropertyValueSpecification","valueRequired":true,"valueName":"search_term_string"}}],"inLanguage":"en-US"},{"@type":"Organization","@id":"https:\/\/valentina-design.de\/#organization","name":"Valentina Design M\u00fcnchen","url":"https:\/\/valentina-design.de\/","logo":{"@type":"ImageObject","inLanguage":"en-US","@id":"https:\/\/valentina-design.de\/#\/schema\/logo\/image\/","url":"https:\/\/valentina-design.de\/wp-content\/uploads\/2016\/04\/Drawing-7.png","contentUrl":"https:\/\/valentina-design.de\/wp-content\/uploads\/2016\/04\/Drawing-7.png","width":1051,"height":432,"caption":"Valentina Design M\u00fcnchen"},"image":{"@id":"https:\/\/valentina-design.de\/#\/schema\/logo\/image\/"},"sameAs":["https:\/\/www.facebook.com\/valentina.kopp.5?fref=ts"]}]}},"_links":{"self":[{"href":"https:\/\/valentina-design.de\/en\/wp-json\/wp\/v2\/pages\/4967","targetHints":{"allow":["GET"]}}],"collection":[{"href":"https:\/\/valentina-design.de\/en\/wp-json\/wp\/v2\/pages"}],"about":[{"href":"https:\/\/valentina-design.de\/en\/wp-json\/wp\/v2\/types\/page"}],"author":[{"embeddable":true,"href":"https:\/\/valentina-design.de\/en\/wp-json\/wp\/v2\/users\/2"}],"replies":[{"embeddable":true,"href":"https:\/\/valentina-design.de\/en\/wp-json\/wp\/v2\/comments?post=4967"}],"version-history":[{"count":1,"href":"https:\/\/valentina-design.de\/en\/wp-json\/wp\/v2\/pages\/4967\/revisions"}],"predecessor-version":[{"id":4969,"href":"https:\/\/valentina-design.de\/en\/wp-json\/wp\/v2\/pages\/4967\/revisions\/4969"}],"wp:attachment":[{"href":"https:\/\/valentina-design.de\/en\/wp-json\/wp\/v2\/media?parent=4967"}],"curies":[{"name":"wp","href":"https:\/\/api.w.org\/{rel}","templated":true}]}}